{"id":6733,"date":"2023-07-19T13:01:58","date_gmt":"2023-07-19T13:01:58","guid":{"rendered":"https:\/\/heraclee.com\/rechtlich\/"},"modified":"2026-02-25T17:27:25","modified_gmt":"2026-02-25T17:27:25","slug":"rechtlich","status":"publish","type":"page","link":"https:\/\/heraclee.com\/de\/rechtlich\/","title":{"rendered":"Rechtlich"},"content":{"rendered":"\t\t<div data-elementor-type=\"wp-page\" data-elementor-id=\"6733\" class=\"elementor elementor-6733 elementor-50\" data-elementor-post-type=\"page\">\n\t\t\t\t<div class=\"elementor-element elementor-element-0f297f0 e-con-full e-flex e-con e-parent\" data-id=\"0f297f0\" data-element_type=\"container\" data-e-type=\"container\" data-settings=\"{&quot;background_background&quot;:&quot;classic&quot;}\">\n\t\t<div class=\"elementor-element elementor-element-1edda1f e-con-full e-flex e-con e-child\" data-id=\"1edda1f\" data-element_type=\"container\" data-e-type=\"container\" data-settings=\"{&quot;background_background&quot;:&quot;classic&quot;}\">\n\t\t<div class=\"elementor-element elementor-element-00e204d e-con-full e-flex e-con e-child\" data-id=\"00e204d\" data-element_type=\"container\" data-e-type=\"container\">\n\t\t\t\t<div class=\"elementor-element elementor-element-0e2cc68 elementor-widget elementor-widget-heading\" data-id=\"0e2cc68\" data-element_type=\"widget\" data-e-type=\"widget\" data-widget_type=\"heading.default\">\n\t\t\t\t<div class=\"elementor-widget-container\">\n\t\t\t\t\t<h1 class=\"elementor-heading-title elementor-size-default\">Rechtlich<\/h1>\t\t\t\t<\/div>\n\t\t\t\t<\/div>\n\t\t\t\t<\/div>\n\t\t\t\t<\/div>\n\t\t<div class=\"elementor-element elementor-element-dd15aef e-con-full e-flex e-con e-child\" data-id=\"dd15aef\" data-element_type=\"container\" data-e-type=\"container\" data-settings=\"{&quot;background_background&quot;:&quot;classic&quot;}\">\n\t\t<div class=\"elementor-element elementor-element-9bf77bc e-flex e-con-boxed e-con e-child\" data-id=\"9bf77bc\" data-element_type=\"container\" data-e-type=\"container\">\n\t\t\t\t\t<div class=\"e-con-inner\">\n\t\t<div class=\"elementor-element elementor-element-564ba82 e-con-full e-flex e-con e-child\" data-id=\"564ba82\" data-element_type=\"container\" data-e-type=\"container\">\n\t\t\t\t<div class=\"elementor-element elementor-element-580ef52 elementor-widget__width-auto elementor-widget elementor-widget-shortcode\" data-id=\"580ef52\" data-element_type=\"widget\" data-e-type=\"widget\" data-widget_type=\"shortcode.default\">\n\t\t\t\t<div class=\"elementor-widget-container\">\n\t\t\t\t\t\t\t<div class=\"elementor-shortcode\"><nav  aria-label=\"Brotkrumen\"><ol class=\"breadcrumb\" itemscope itemtype=\"https:\/\/schema.org\/BreadcrumbList\"><li class=\"breadcrumb-item active\" aria-current=\"page\" itemprop=\"itemListElement\" itemscope itemtype=\"https:\/\/schema.org\/ListItem\"><span itemprop=\"name\">Startseite<\/span><meta itemprop=\"position\" content=\"1\"><\/li><\/ol><\/nav>\n<\/div>\n\t\t\t\t\t\t<\/div>\n\t\t\t\t<\/div>\n\t\t\t\t<\/div>\n\t\t\t\t\t<\/div>\n\t\t\t\t<\/div>\n\t\t\t\t<\/div>\n\t\t<div class=\"elementor-element elementor-element-e6e073f e-flex e-con-boxed e-con e-child\" data-id=\"e6e073f\" data-element_type=\"container\" data-e-type=\"container\">\n\t\t\t\t\t<div class=\"e-con-inner\">\n\t\t<div class=\"elementor-element elementor-element-ba3104d e-con-full e-flex e-con e-child\" data-id=\"ba3104d\" data-element_type=\"container\" data-e-type=\"container\">\n\t\t\t\t<div class=\"elementor-element elementor-element-2408e8f elementor-widget elementor-widget-heading\" data-id=\"2408e8f\" data-element_type=\"widget\" data-e-type=\"widget\" data-widget_type=\"heading.default\">\n\t\t\t\t<div class=\"elementor-widget-container\">\n\t\t\t\t\t<h2 class=\"elementor-heading-title elementor-size-default\">Gegenstand<\/h2>\t\t\t\t<\/div>\n\t\t\t\t<\/div>\n\t\t\t\t<div class=\"elementor-element elementor-element-35465b5 elementor-widget elementor-widget-text-editor\" data-id=\"35465b5\" data-element_type=\"widget\" data-e-type=\"widget\" data-widget_type=\"text-editor.default\">\n\t\t\t\t<div class=\"elementor-widget-container\">\n\t\t\t\t\t\t\t\t\t<p><span style=\"color: black;\">Website, die ausschlie\u00dflich der Pr\u00e4sentation von Immobilienanzeigen dient.<\/span><\/p>\t\t\t\t\t\t\t\t<\/div>\n\t\t\t\t<\/div>\n\t\t\t\t<\/div>\n\t\t<div class=\"elementor-element elementor-element-2e9d64f e-grid e-con-full elementor-invisible e-con e-child\" data-id=\"2e9d64f\" data-element_type=\"container\" data-e-type=\"container\" data-settings=\"{&quot;animation&quot;:&quot;fadeInUp&quot;}\">\n\t\t<div class=\"elementor-element elementor-element-48b6167 e-con-full e-flex e-con e-child\" data-id=\"48b6167\" data-element_type=\"container\" data-e-type=\"container\">\n\t\t\t\t<div class=\"elementor-element elementor-element-19b3a91 elementor-widget elementor-widget-heading\" data-id=\"19b3a91\" data-element_type=\"widget\" data-e-type=\"widget\" data-widget_type=\"heading.default\">\n\t\t\t\t<div class=\"elementor-widget-container\">\n\t\t\t\t\t<h2 class=\"elementor-heading-title elementor-size-default\">Redakteur<\/h2>\t\t\t\t<\/div>\n\t\t\t\t<\/div>\n\t\t\t\t<div class=\"elementor-element elementor-element-831ee01 elementor-icon-list--layout-traditional elementor-list-item-link-full_width elementor-widget elementor-widget-icon-list\" data-id=\"831ee01\" data-element_type=\"widget\" data-e-type=\"widget\" data-widget_type=\"icon-list.default\">\n\t\t\t\t<div class=\"elementor-widget-container\">\n\t\t\t\t\t\t\t<ul class=\"elementor-icon-list-items\">\n\t\t\t\t\t\t\t<li class=\"elementor-icon-list-item\">\n\t\t\t\t\t\t\t\t\t\t<span class=\"elementor-icon-list-text\">HERACLEE SA<\/span>\n\t\t\t\t\t\t\t\t\t<\/li>\n\t\t\t\t\t\t\t\t<li class=\"elementor-icon-list-item\">\n\t\t\t\t\t\t\t\t\t\t<span class=\"elementor-icon-list-text\">Aktiengesellschaft nach schweizerischem Recht mit einem Aktienkapital von 100 000 CHF<\/span>\n\t\t\t\t\t\t\t\t\t<\/li>\n\t\t\t\t\t\t\t\t<li class=\"elementor-icon-list-item\">\n\t\t\t\t\t\t\t\t\t\t<span class=\"elementor-icon-list-text\">Firmensitz: Rue du Gourgas 25, 1205 Genf \u2013 Schweiz<\/span>\n\t\t\t\t\t\t\t\t\t<\/li>\n\t\t\t\t\t\t\t\t<li class=\"elementor-icon-list-item\">\n\t\t\t\t\t\t\t\t\t\t<span class=\"elementor-icon-list-text\">Handelsregister-Nr.: CH-660.0.612.011-8<\/span>\n\t\t\t\t\t\t\t\t\t<\/li>\n\t\t\t\t\t\t\t\t<li class=\"elementor-icon-list-item\">\n\t\t\t\t\t\t\t\t\t\t<span class=\"elementor-icon-list-text\">Umsatzsteuer-Identifikationsnummer: CHE-337.600.058<\/span>\n\t\t\t\t\t\t\t\t\t<\/li>\n\t\t\t\t\t\t<\/ul>\n\t\t\t\t\t\t<\/div>\n\t\t\t\t<\/div>\n\t\t\t\t<\/div>\n\t\t<div class=\"elementor-element elementor-element-eab090d e-con-full e-flex e-con e-child\" data-id=\"eab090d\" data-element_type=\"container\" data-e-type=\"container\">\n\t\t\t\t<div class=\"elementor-element elementor-element-874cd5b elementor-widget elementor-widget-heading\" data-id=\"874cd5b\" data-element_type=\"widget\" data-e-type=\"widget\" data-widget_type=\"heading.default\">\n\t\t\t\t<div class=\"elementor-widget-container\">\n\t\t\t\t\t<h2 class=\"elementor-heading-title elementor-size-default\">Hoster<\/h2>\t\t\t\t<\/div>\n\t\t\t\t<\/div>\n\t\t\t\t<div class=\"elementor-element elementor-element-00af04c elementor-icon-list--layout-traditional elementor-list-item-link-full_width elementor-widget elementor-widget-icon-list\" data-id=\"00af04c\" data-element_type=\"widget\" data-e-type=\"widget\" data-widget_type=\"icon-list.default\">\n\t\t\t\t<div class=\"elementor-widget-container\">\n\t\t\t\t\t\t\t<ul class=\"elementor-icon-list-items\">\n\t\t\t\t\t\t\t<li class=\"elementor-icon-list-item\">\n\t\t\t\t\t\t\t\t\t\t<span class=\"elementor-icon-list-text\">Die Website wird gehostet von: IDDI \/ EXPERTISE MAINTENANCE SERVICE SOLUTIONS IT<\/span>\n\t\t\t\t\t\t\t\t\t<\/li>\n\t\t\t\t\t\t\t\t<li class=\"elementor-icon-list-item\">\n\t\t\t\t\t\t\t\t\t\t<span class=\"elementor-icon-list-text\">Adresse: Chemin de la Gravi\u00e8re 4 1227 Les Acacias \u2013 GENF<\/span>\n\t\t\t\t\t\t\t\t\t<\/li>\n\t\t\t\t\t\t\t\t<li class=\"elementor-icon-list-item\">\n\t\t\t\t\t\t\t\t\t\t<span class=\"elementor-icon-list-text\">Telefon : <a href=\"+4107955207\">+41 (0)79 552 07<\/a><\/span>\n\t\t\t\t\t\t\t\t\t<\/li>\n\t\t\t\t\t\t<\/ul>\n\t\t\t\t\t\t<\/div>\n\t\t\t\t<\/div>\n\t\t\t\t<\/div>\n\t\t\t\t<\/div>\n\t\t<div class=\"elementor-element elementor-element-659e06a e-con-full e-flex e-con e-child\" data-id=\"659e06a\" data-element_type=\"container\" data-e-type=\"container\">\n\t\t\t\t<div class=\"elementor-element elementor-element-6d5e5ae elementor-widget elementor-widget-heading\" data-id=\"6d5e5ae\" data-element_type=\"widget\" data-e-type=\"widget\" data-widget_type=\"heading.default\">\n\t\t\t\t<div class=\"elementor-widget-container\">\n\t\t\t\t\t<h2 class=\"elementor-heading-title elementor-size-default\">Berufliche Referenzen (Frankreich \/ SOCIETE HERACLEE SAS):<\/h2>\t\t\t\t<\/div>\n\t\t\t\t<\/div>\n\t\t\t\t<div class=\"elementor-element elementor-element-cb84c78 elementor-widget elementor-widget-text-editor\" data-id=\"cb84c78\" data-element_type=\"widget\" data-e-type=\"widget\" data-widget_type=\"text-editor.default\">\n\t\t\t\t<div class=\"elementor-widget-container\">\n\t\t\t\t\t\t\t\t\t<p>Vereinfachte Aktiengesellschaft mit einem Kapital von 5.000 Euro.<\/p><p>Firmensitz: 13 Rue de la Poste 74120 MEGEVE Berufskarte \u201eTransaktionen mit Immobilien und Gesch\u00e4ftsverm\u00f6gen, Immobilienverwaltung\u201d Nr.: CPI74012024000000030, ausgestellt von der Industrie- und Handelskammer Haute-Savoie.<br>Inhaber der Finanzgarantie und der Berufshaftpflichtversicherung bei QBE INSURANCE INTERNATIONAL LIMITED, 1 Passerelle des Reflets 92400 COURBEVOIE.<\/p>\t\t\t\t\t\t\t\t<\/div>\n\t\t\t\t<\/div>\n\t\t\t\t<\/div>\n\t\t<div class=\"elementor-element elementor-element-f294dbb e-con-full e-flex e-con e-child\" data-id=\"f294dbb\" data-element_type=\"container\" data-e-type=\"container\">\n\t\t\t\t<div class=\"elementor-element elementor-element-ea67a37 elementor-widget elementor-widget-heading\" data-id=\"ea67a37\" data-element_type=\"widget\" data-e-type=\"widget\" data-widget_type=\"heading.default\">\n\t\t\t\t<div class=\"elementor-widget-container\">\n\t\t\t\t\t<h2 class=\"elementor-heading-title elementor-size-default\">Geistiges Eigentum<\/h2>\t\t\t\t<\/div>\n\t\t\t\t<\/div>\n\t\t\t\t<div class=\"elementor-element elementor-element-1769801 elementor-widget elementor-widget-text-editor\" data-id=\"1769801\" data-element_type=\"widget\" data-e-type=\"widget\" data-widget_type=\"text-editor.default\">\n\t\t\t\t<div class=\"elementor-widget-container\">\n\t\t\t\t\t\t\t\t\t<p><span style=\"color: black;\">Der gesamte Inhalt der Website<span class=\"apple-converted-space\"> <\/span>www.heraclee.com<span class=\"apple-converted-space\"> <\/span>(Texte, Bilder, Grafiken, Logos, Symbole, Videos usw.) ist, sofern nicht anders angegeben, ausschlie\u00dfliches Eigentum von HERACL\u00c9E SA.<br>Jede vollst\u00e4ndige oder teilweise Vervielf\u00e4ltigung, Darstellung, \u00c4nderung, Ver\u00f6ffentlichung oder Anpassung ist ohne vorherige schriftliche Genehmigung von HERACL\u00c9E SA untersagt.<\/span><\/p>\t\t\t\t\t\t\t\t<\/div>\n\t\t\t\t<\/div>\n\t\t\t\t<\/div>\n\t\t<div class=\"elementor-element elementor-element-3b91464 e-con-full e-flex e-con e-child\" data-id=\"3b91464\" data-element_type=\"container\" data-e-type=\"container\">\n\t\t\t\t<div class=\"elementor-element elementor-element-08ae767 elementor-widget elementor-widget-heading\" data-id=\"08ae767\" data-element_type=\"widget\" data-e-type=\"widget\" data-widget_type=\"heading.default\">\n\t\t\t\t<div class=\"elementor-widget-container\">\n\t\t\t\t\t<h2 class=\"elementor-heading-title elementor-size-default\">Personenbezogene Daten (DSGVO)<\/h2>\t\t\t\t<\/div>\n\t\t\t\t<\/div>\n\t\t\t\t<div class=\"elementor-element elementor-element-c9bf6ff elementor-widget elementor-widget-text-editor\" data-id=\"c9bf6ff\" data-element_type=\"widget\" data-e-type=\"widget\" data-widget_type=\"text-editor.default\">\n\t\t\t\t<div class=\"elementor-widget-container\">\n\t\t\t\t\t\t\t\t\t<p>Die \u00fcber die Formulare auf der Website erhobenen Daten sind ausschlie\u00dflich f\u00fcr HERACL\u00c9E SA bestimmt und werden f\u00fcr die Bearbeitung von Anfragen und die Kundenbetreuung verwendet.<br>Gem\u00e4\u00df der Datenschutz-Grundverordnung (DSGVO \u2013 EU 2016\/679) und dem ge\u00e4nderten franz\u00f6sischen Datenschutzgesetz haben Sie das Recht auf Zugang, Berichtigung, Widerspruch, L\u00f6schung und \u00dcbertragbarkeit Ihrer Daten.<br>Um dieses Recht auszu\u00fcben, wenden Sie sich bitte an:<br>HERACL\u00c9E SA \u2013 sec@heraclee.com<br>oder per Post an: HERACL\u00c9E SA\u2013 Rue du Gourgas 25 1205 GENF \u2013 SCHWEIZ.<\/p>\t\t\t\t\t\t\t\t<\/div>\n\t\t\t\t<\/div>\n\t\t\t\t<\/div>\n\t\t<div class=\"elementor-element elementor-element-7880780 e-con-full e-flex e-con e-child\" data-id=\"7880780\" data-element_type=\"container\" data-e-type=\"container\">\n\t\t\t\t<div class=\"elementor-element elementor-element-c2d8fc1 elementor-widget elementor-widget-heading\" data-id=\"c2d8fc1\" data-element_type=\"widget\" data-e-type=\"widget\" data-widget_type=\"heading.default\">\n\t\t\t\t<div class=\"elementor-widget-container\">\n\t\t\t\t\t<h2 class=\"elementor-heading-title elementor-size-default\">Verantwortung<\/h2>\t\t\t\t<\/div>\n\t\t\t\t<\/div>\n\t\t\t\t<div class=\"elementor-element elementor-element-1ff78f4 elementor-widget elementor-widget-text-editor\" data-id=\"1ff78f4\" data-element_type=\"widget\" data-e-type=\"widget\" data-widget_type=\"text-editor.default\">\n\t\t\t\t<div class=\"elementor-widget-container\">\n\t\t\t\t\t\t\t\t\t<p>HERACL\u00c9E SA bem\u00fcht sich, die Richtigkeit und Aktualit\u00e4t der auf der Website ver\u00f6ffentlichten Informationen bestm\u00f6glich zu gew\u00e4hrleisten. Das Unternehmen kann jedoch nicht f\u00fcr Fehler, Auslassungen oder Ergebnisse haftbar gemacht werden, die durch eine unsachgem\u00e4\u00dfe Verwendung dieser Informationen entstehen. <\/p>\t\t\t\t\t\t\t\t<\/div>\n\t\t\t\t<\/div>\n\t\t\t\t<\/div>\n\t\t<div class=\"elementor-element elementor-element-1d90ec9 e-con-full e-flex e-con e-child\" data-id=\"1d90ec9\" data-element_type=\"container\" data-e-type=\"container\">\n\t\t\t\t<div class=\"elementor-element elementor-element-3e4d00d elementor-widget elementor-widget-heading\" data-id=\"3e4d00d\" data-element_type=\"widget\" data-e-type=\"widget\" data-widget_type=\"heading.default\">\n\t\t\t\t<div class=\"elementor-widget-container\">\n\t\t\t\t\t<h2 class=\"elementor-heading-title elementor-size-default\">Verbraucherschlichtung<\/h2>\t\t\t\t<\/div>\n\t\t\t\t<\/div>\n\t\t\t\t<div class=\"elementor-element elementor-element-e1bebb8 elementor-widget elementor-widget-text-editor\" data-id=\"e1bebb8\" data-element_type=\"widget\" data-e-type=\"widget\" data-widget_type=\"text-editor.default\">\n\t\t\t\t<div class=\"elementor-widget-container\">\n\t\t\t\t\t\t\t\t\t<p>Die GIE OMMOMEDIATEURS, eine wirtschaftliche Interessengemeinschaft, eingetragen im Handelsregister von Paris unter der Nummer RCS PARIS 818 344 780, mit Sitz in 55 Avenue Marceau, 75116 Paris, vertreten durch ihre amtierende Pr\u00e4sidentin, Frau B\u00e9atrice DERVILLE.<\/p><p>E-Mail : <a href=\"mailto:contact@immomediateurs.com\">contact@immomediateurs.com<\/a><\/p>\t\t\t\t\t\t\t\t<\/div>\n\t\t\t\t<\/div>\n\t\t\t\t<\/div>\n\t\t\t\t\t<\/div>\n\t\t\t\t<\/div>\n\t\t\t\t<\/div>\n\t\t\t\t<\/div>\n\t\t","protected":false},"excerpt":{"rendered":"<p>Rechtlich Gegenstand Website, die ausschlie\u00dflich der Pr\u00e4sentation von Immobilienanzeigen dient. Redakteur HERACLEE SA Aktiengesellschaft nach schweizerischem Recht mit einem Aktienkapital von 100 000 CHF Firmensitz: Rue du Gourgas 25, 1205 Genf \u2013 Schweiz Handelsregister-Nr.: CH-660.0.612.011-8 Umsatzsteuer-Identifikationsnummer: CHE-337.600.058 Hoster Die Website wird gehostet von: IDDI \/ EXPERTISE MAINTENANCE SERVICE SOLUTIONS IT Adresse: Chemin de la Gravi\u00e8re [&hellip;]<\/p>\n","protected":false},"author":3,"featured_media":0,"parent":0,"menu_order":0,"comment_status":"closed","ping_status":"closed","template":"elementor_header_footer","meta":{"_seopress_robots_primary_cat":"","_seopress_titles_title":"","_seopress_titles_desc":"","_seopress_robots_index":"","footnotes":""},"class_list":["post-6733","page","type-page","status-publish","hentry"],"_links":{"self":[{"href":"https:\/\/heraclee.com\/de\/wp-json\/wp\/v2\/pages\/6733","targetHints":{"allow":["GET"]}}],"collection":[{"href":"https:\/\/heraclee.com\/de\/wp-json\/wp\/v2\/pages"}],"about":[{"href":"https:\/\/heraclee.com\/de\/wp-json\/wp\/v2\/types\/page"}],"author":[{"embeddable":true,"href":"https:\/\/heraclee.com\/de\/wp-json\/wp\/v2\/users\/3"}],"replies":[{"embeddable":true,"href":"https:\/\/heraclee.com\/de\/wp-json\/wp\/v2\/comments?post=6733"}],"version-history":[{"count":3,"href":"https:\/\/heraclee.com\/de\/wp-json\/wp\/v2\/pages\/6733\/revisions"}],"predecessor-version":[{"id":18252,"href":"https:\/\/heraclee.com\/de\/wp-json\/wp\/v2\/pages\/6733\/revisions\/18252"}],"wp:attachment":[{"href":"https:\/\/heraclee.com\/de\/wp-json\/wp\/v2\/media?parent=6733"}],"curies":[{"name":"wp","href":"https:\/\/api.w.org\/{rel}","templated":true}]}}